{"id":264,"date":"2020-10-06T14:57:24","date_gmt":"2020-10-06T14:57:24","guid":{"rendered":"https:\/\/scandistribuidora.com.br\/?page_id=264"},"modified":"2020-10-28T17:25:17","modified_gmt":"2020-10-28T17:25:17","slug":"empresa","status":"publish","type":"page","link":"https:\/\/scandistribuidora.com.br\/index.php\/empresa\/","title":{"rendered":"Empresa"},"content":{"rendered":"\t\t<div data-elementor-type=\"wp-page\" data-elementor-id=\"264\" class=\"elementor elementor-264\">\n\t\t\t\t\t\t<div class=\"elementor-inner\">\n\t\t\t\t<div class=\"elementor-section-wrap\">\n\t\t\t\t\t\t\t\t\t<section class=\"elementor-section elementor-top-section elementor-element elementor-element-3c317f4 elementor-section-full_width elementor-section-height-default elementor-section-height-default\" data-id=\"3c317f4\" data-element_type=\"section\">\n\t\t\t\t\t\t<div class=\"elementor-container elementor-column-gap-no\">\n\t\t\t\t\t\t\t<div class=\"elementor-row\">\n\t\t\t\t\t<div class=\"elementor-column elementor-col-50 elementor-top-column elementor-element elementor-element-f6ea608\" data-id=\"f6ea608\" data-element_type=\"column\">\n\t\t\t<div class=\"elementor-column-wrap elementor-element-populated\">\n\t\t\t\t\t\t\t<div class=\"elementor-widget-wrap\">\n\t\t\t\t\t\t<div class=\"elementor-element elementor-element-e250743 elementor-widget elementor-widget-heading\" data-id=\"e250743\" data-element_type=\"widget\" data-widget_type=\"heading.default\">\n\t\t\t\t<div class=\"elementor-widget-container\">\n\t\t\t<h2 class=\"elementor-heading-title elementor-size-default\">\nConhe\u00e7a-nos<br>melhor<\/h2>\t\t<\/div>\n\t\t\t\t<\/div>\n\t\t\t\t<div class=\"elementor-element elementor-element-f3be29b elementor-widget elementor-widget-text-editor\" data-id=\"f3be29b\" data-element_type=\"widget\" data-widget_type=\"text-editor.default\">\n\t\t\t\t<div class=\"elementor-widget-container\">\n\t\t\t\t\t\t\t\t<div class=\"elementor-text-editor elementor-clearfix\">\n\t\t\t\t<p>Fique por dentro da nossa hist\u00f3ria e da nossa atua\u00e7\u00e3o no mercado ao longo dos anos.<\/p>\t\t\t\t\t<\/div>\n\t\t\t\t\t\t<\/div>\n\t\t\t\t<\/div>\n\t\t\t\t\t\t<\/div>\n\t\t\t\t\t<\/div>\n\t\t<\/div>\n\t\t\t\t<div class=\"elementor-column elementor-col-50 elementor-top-column elementor-element elementor-element-0a4d903\" data-id=\"0a4d903\" data-element_type=\"column\" data-settings=\"{&quot;background_background&quot;:&quot;classic&quot;}\">\n\t\t\t<div class=\"elementor-column-wrap elementor-element-populated\">\n\t\t\t\t\t\t\t<div class=\"elementor-widget-wrap\">\n\t\t\t\t\t\t<div class=\"elementor-element elementor-element-743b2d1 elementor-widget elementor-widget-spacer\" data-id=\"743b2d1\" data-element_type=\"widget\" data-widget_type=\"spacer.default\">\n\t\t\t\t<div class=\"elementor-widget-container\">\n\t\t\t\t\t<div class=\"elementor-spacer\">\n\t\t\t<div class=\"elementor-spacer-inner\"><\/div>\n\t\t<\/div>\n\t\t\t\t<\/div>\n\t\t\t\t<\/div>\n\t\t\t\t\t\t<\/div>\n\t\t\t\t\t<\/div>\n\t\t<\/div>\n\t\t\t\t\t\t\t\t<\/div>\n\t\t\t\t\t<\/div>\n\t\t<\/section>\n\t\t\t\t<section class=\"elementor-section elementor-top-section elementor-element elementor-element-ca56fc6 elementor-section-full_width elementor-section-height-default elementor-section-height-default\" data-id=\"ca56fc6\" data-element_type=\"section\" data-settings=\"{&quot;background_background&quot;:&quot;classic&quot;}\">\n\t\t\t\t\t\t\t<div class=\"elementor-background-overlay\"><\/div>\n\t\t\t\t\t\t\t<div class=\"elementor-container elementor-column-gap-no\">\n\t\t\t\t\t\t\t<div class=\"elementor-row\">\n\t\t\t\t\t<div class=\"elementor-column elementor-col-50 elementor-top-column elementor-element elementor-element-1347b14\" data-id=\"1347b14\" data-element_type=\"column\" data-settings=\"{&quot;background_background&quot;:&quot;classic&quot;}\">\n\t\t\t<div class=\"elementor-column-wrap elementor-element-populated\">\n\t\t\t\t\t\t\t<div class=\"elementor-widget-wrap\">\n\t\t\t\t\t\t<div class=\"elementor-element elementor-element-f637eeb elementor-widget elementor-widget-heading\" data-id=\"f637eeb\" data-element_type=\"widget\" data-widget_type=\"heading.default\">\n\t\t\t\t<div class=\"elementor-widget-container\">\n\t\t\t<h2 class=\"elementor-heading-title elementor-size-default\">A empresa<\/h2>\t\t<\/div>\n\t\t\t\t<\/div>\n\t\t\t\t<div class=\"elementor-element elementor-element-f85f946 elementor-widget elementor-widget-text-editor\" data-id=\"f85f946\" data-element_type=\"widget\" data-widget_type=\"text-editor.default\">\n\t\t\t\t<div class=\"elementor-widget-container\">\n\t\t\t\t\t\t\t\t<div class=\"elementor-text-editor elementor-clearfix\">\n\t\t\t\t<p>Fundada em 2009 com o objetivo de manuten\u00e7\u00e3o e instrumenta\u00e7\u00e3o na \u00e1rea de siderurgia no Brasil, a SCAN atuou, nos primeiros anos, diretamente com ArcelorMittal e Vale. Em 2019 firmou-se como fornecedor de produtos el\u00e9tricos e industriais.<\/p><p>Em 2020, a empresa ampliou exponencialmente o mix de produtos, passando a fornecer, al\u00e9m de el\u00e9trica, hidr\u00e1ulica, equipamentos pesados, telecomunica\u00e7\u00f5es, instrumenta\u00e7\u00e3o, term\u00f4metros industriais, entre outras linhas de produtos.<\/p>\t\t\t\t\t<\/div>\n\t\t\t\t\t\t<\/div>\n\t\t\t\t<\/div>\n\t\t\t\t\t\t<\/div>\n\t\t\t\t\t<\/div>\n\t\t<\/div>\n\t\t\t\t<div class=\"elementor-column elementor-col-50 elementor-top-column elementor-element elementor-element-7317efb colunaimagem elementor-hidden-phone\" data-id=\"7317efb\" data-element_type=\"column\" data-settings=\"{&quot;background_background&quot;:&quot;classic&quot;}\">\n\t\t\t<div class=\"elementor-column-wrap\">\n\t\t\t\t\t\t\t<div class=\"elementor-widget-wrap\">\n\t\t\t\t\t\t\t\t<\/div>\n\t\t\t\t\t<\/div>\n\t\t<\/div>\n\t\t\t\t\t\t\t\t<\/div>\n\t\t\t\t\t<\/div>\n\t\t<\/section>\n\t\t\t\t<section class=\"elementor-section elementor-top-section elementor-element elementor-element-77860cb elementor-section-full_width elementor-section-height-default elementor-section-height-default\" data-id=\"77860cb\" data-element_type=\"section\">\n\t\t\t\t\t\t<div class=\"elementor-container elementor-column-gap-default\">\n\t\t\t\t\t\t\t<div class=\"elementor-row\">\n\t\t\t\t\t<div class=\"elementor-column elementor-col-33 elementor-top-column elementor-element elementor-element-d98817b\" data-id=\"d98817b\" data-element_type=\"column\" data-settings=\"{&quot;background_background&quot;:&quot;classic&quot;}\">\n\t\t\t<div class=\"elementor-column-wrap elementor-element-populated\">\n\t\t\t\t\t\t\t<div class=\"elementor-widget-wrap\">\n\t\t\t\t\t\t<div class=\"elementor-element elementor-element-3905fab elementor-view-default elementor-widget elementor-widget-icon\" data-id=\"3905fab\" data-element_type=\"widget\" data-widget_type=\"icon.default\">\n\t\t\t\t<div class=\"elementor-widget-container\">\n\t\t\t\t\t<div class=\"elementor-icon-wrapper\">\n\t\t\t<div class=\"elementor-icon\">\n\t\t\t<svg xmlns=\"http:\/\/www.w3.org\/2000\/svg\" width=\"36.234\" height=\"36.17\" viewBox=\"0 0 36.234 36.17\"><g transform=\"translate(-0.001 -0.458)\"><path d=\"M18.118,2.87a2.123,2.123,0,1,0,2.123,2.123A2.125,2.125,0,0,0,18.118,2.87Zm0,3.185a1.062,1.062,0,1,1,1.062-1.062A1.063,1.063,0,0,1,18.118,6.055Zm18.117,2.5a.535.535,0,0,0-.326-.481L18.613.561a1.242,1.242,0,0,0-.989,0L.327,8.078a.536.536,0,0,0-.326.5V10.31a1.948,1.948,0,0,0,1.946,1.946h.418A2.012,2.012,0,0,0,4.6,15.173V30.305a1.144,1.144,0,0,0-1.345,1.1v1.006H1.947A1.948,1.948,0,0,0,0,34.354v1.389a.886.886,0,0,0,.885.885H35.35a.886.886,0,0,0,.885-.885V34.354a1.948,1.948,0,0,0-1.946-1.946H32.98V31.4a1.14,1.14,0,0,0-1.345-1.1V15.173a2.015,2.015,0,0,0,2.236-2.917h.418a1.948,1.948,0,0,0,1.946-1.946V8.575s0,0,0-.016ZM4.141,14.167a.955.955,0,0,1,0-1.911H9.875A.955.955,0,1,1,8.937,13.4.531.531,0,1,0,7.9,13.6a2,2,0,0,0,.456.929V23.7a.531.531,0,1,0,1.062,0V15.173a2.015,2.015,0,0,0,2.236-2.917h1.827a2.012,2.012,0,0,0,2.236,2.917V30.305a1.144,1.144,0,0,0-1.345,1.1v1.006H10.758V31.4a1.14,1.14,0,0,0-1.345-1.1V26.173a.531.531,0,0,0-1.062,0v4.132H5.662V14.534a2,2,0,0,0,.456-.929A.531.531,0,1,0,5.077,13.4a.955.955,0,0,1-.936.767ZM22.76,12.256h1.827a2.012,2.012,0,0,0,2.236,2.917V30.305a1.144,1.144,0,0,0-1.345,1.1v1.006H21.869V31.4a1.14,1.14,0,0,0-1.345-1.1V15.173a2.015,2.015,0,0,0,2.236-2.917ZM20.807,31.4v1.006H15.429V31.4a.035.035,0,0,1,.035-.035h5.308A.035.035,0,0,1,20.807,31.4Zm.177-17.236a.955.955,0,0,1-.936-.767.531.531,0,1,0-1.042.205,2,2,0,0,0,.456.929V30.305H16.773V14.534a2,2,0,0,0,.456-.929.531.531,0,1,0-1.042-.205.955.955,0,1,1-.938-1.143h5.736a.955.955,0,0,1,0,1.911ZM4.318,31.4a.035.035,0,0,1,.035-.035H9.661A.035.035,0,0,1,9.7,31.4v1.006H4.318ZM34.289,33.47a.886.886,0,0,1,.885.885v1.212H1.062V34.354a.886.886,0,0,1,.885-.885Zm-2.406-2.1a.035.035,0,0,1,.035.035v1.006H26.539V31.4a.035.035,0,0,1,.035-.035Zm.212-17.2a.955.955,0,0,1-.936-.767.531.531,0,1,0-1.042.205,2,2,0,0,0,.456.929V30.305H27.884V14.534a2,2,0,0,0,.456-.929A.531.531,0,0,0,27.3,13.4a.955.955,0,1,1-.938-1.143H32.1a.955.955,0,0,1,0,1.911Zm3.078-3.857a.886.886,0,0,1-.885.885H1.947a.886.886,0,0,1-.885-.885V9.1H25.845a.531.531,0,0,0,0-1.062H3.085l14.963-6.5a.178.178,0,0,1,.142,0l14.962,6.5H28.322a.531.531,0,0,0,0,1.062h6.851V10.31Z\" transform=\"translate(0 0)\" fill=\"#e95c0c\"><\/path><\/g><\/svg>\t\t\t<\/div>\n\t\t<\/div>\n\t\t\t\t<\/div>\n\t\t\t\t<\/div>\n\t\t\t\t<div class=\"elementor-element elementor-element-80a2de4 elementor-widget elementor-widget-heading\" data-id=\"80a2de4\" data-element_type=\"widget\" data-widget_type=\"heading.default\">\n\t\t\t\t<div class=\"elementor-widget-container\">\n\t\t\t<h2 class=\"elementor-heading-title elementor-size-default\">Miss\u00e3o<\/h2>\t\t<\/div>\n\t\t\t\t<\/div>\n\t\t\t\t<div class=\"elementor-element elementor-element-ebe9c22 elementor-widget elementor-widget-text-editor\" data-id=\"ebe9c22\" data-element_type=\"widget\" data-widget_type=\"text-editor.default\">\n\t\t\t\t<div class=\"elementor-widget-container\">\n\t\t\t\t\t\t\t\t<div class=\"elementor-text-editor elementor-clearfix\">\n\t\t\t\t<p>Ser solu\u00e7\u00e3o para nossos clientes, com agilidade, qualidade e uma experi\u00eancia \u00fanica no atendimento.<\/p>\t\t\t\t\t<\/div>\n\t\t\t\t\t\t<\/div>\n\t\t\t\t<\/div>\n\t\t\t\t\t\t<\/div>\n\t\t\t\t\t<\/div>\n\t\t<\/div>\n\t\t\t\t<div class=\"elementor-column elementor-col-33 elementor-top-column elementor-element elementor-element-32bd52e\" data-id=\"32bd52e\" data-element_type=\"column\" data-settings=\"{&quot;background_background&quot;:&quot;classic&quot;}\">\n\t\t\t<div class=\"elementor-column-wrap elementor-element-populated\">\n\t\t\t\t\t\t\t<div class=\"elementor-widget-wrap\">\n\t\t\t\t\t\t<div class=\"elementor-element elementor-element-86525cd elementor-view-default elementor-widget elementor-widget-icon\" data-id=\"86525cd\" data-element_type=\"widget\" data-widget_type=\"icon.default\">\n\t\t\t\t<div class=\"elementor-widget-container\">\n\t\t\t\t\t<div class=\"elementor-icon-wrapper\">\n\t\t\t<div class=\"elementor-icon\">\n\t\t\t<svg xmlns=\"http:\/\/www.w3.org\/2000\/svg\" width=\"30.377\" height=\"36.016\" viewBox=\"0 0 30.377 36.016\"><g transform=\"translate(-40.08)\"><path d=\"M105.387,145.027a.528.528,0,0,0,.744-.055,11.949,11.949,0,0,0,2.845-6.5,12.03,12.03,0,1,0-10.6,10.6,11.975,11.975,0,0,0,6.167-2.566.528.528,0,0,0-.66-.823,10.923,10.923,0,0,1-5.146,2.276l-.486-2.42a1.253,1.253,0,0,0-2.455-.011l0,.012-.486,2.419a10.982,10.982,0,0,1-9.126-9.126l2.419-.486a1.253,1.253,0,0,0,0-2.457l-2.419-.486a10.982,10.982,0,0,1,9.126-9.126l.486,2.419a1.253,1.253,0,0,0,2.458,0l.486-2.419a10.982,10.982,0,0,1,9.126,9.126l-2.419.486a1.268,1.268,0,0,0-1.007,1.228,1.28,1.28,0,0,0,1.007,1.229l2.42.486a10.9,10.9,0,0,1-2.531,5.452A.528.528,0,0,0,105.387,145.027Zm-9.026,3.043.467-2.326a.2.2,0,0,1,.194-.158.2.2,0,0,1,.194.159l.467,2.325A11.238,11.238,0,0,1,96.361,148.071ZM86.068,137.778c-.013-.22-.02-.441-.02-.661s.007-.441.019-.66l2.326.467a.2.2,0,0,1,0,.388Zm11.615-11.615-.467,2.325a.2.2,0,0,1-.389,0l-.467-2.325A11.233,11.233,0,0,1,97.683,126.163Zm7.967,11.148a.2.2,0,0,1,0-.388l2.325-.467c.013.219.019.44.019.66s-.007.441-.02.661Z\" transform=\"translate(-41.754 -116.289)\" fill=\"#e95c0c\"><\/path><path d=\"M55.269,36.016A15.191,15.191,0,0,0,57.96,5.876V3.9A1.987,1.987,0,0,0,57.433,0H53.1a1.987,1.987,0,0,0-.528,3.9V5.877a15.074,15.074,0,0,0-6.018,2.507.528.528,0,0,0,.606.864,14.021,14.021,0,0,1,6.009-2.4h.009a14.134,14.134,0,1,1-12.046,13.98A14.092,14.092,0,0,1,45.579,10.54a.528.528,0,0,0-.724-.768A15.188,15.188,0,0,0,55.269,36.016Zm-3.1-34.029a.933.933,0,0,1,.932-.932h4.329a.932.932,0,0,1,0,1.864H53.1a.933.933,0,0,1-.932-.932Zm1.459,1.987h3.273V5.726q-.4-.042-.8-.064a15.448,15.448,0,0,0-2.473.064Z\" fill=\"#e95c0c\"><\/path><path d=\"M169.09,220.593a1.028,1.028,0,0,0,1.281.126l2.928-1.956.519,1.553a1.037,1.037,0,0,0,1.968,0l.74-2.214a3.68,3.68,0,0,0,1.5-1.5l2.214-.74a1.037,1.037,0,0,0,0-1.968l-1.553-.519,1.956-2.928a1.014,1.014,0,0,0-1.407-1.407L176.305,211l-.519-1.553a1.037,1.037,0,0,0-1.968,0l-.74,2.214a3.68,3.68,0,0,0-1.5,1.5l-2.214.74a1.037,1.037,0,0,0,0,1.968l1.553.519-1.956,2.928A1.017,1.017,0,0,0,169.09,220.593Zm6.189-2.088-.477,1.426-.477-1.426a3.754,3.754,0,0,0,.477.031A3.678,3.678,0,0,0,175.279,218.505Zm3.147-3.147a3.708,3.708,0,0,0,0-.954l1.427.477Zm1.223-5.324-1.844,2.76a3.63,3.63,0,0,0-.916-.916Zm-5.324,1.223.477-1.426.477,1.426a3.7,3.7,0,0,0-.954,0Zm-.569,1.252a2.56,2.56,0,0,1,1.046-.227,2.6,2.6,0,0,1,.01,5.2h-.019a2.6,2.6,0,0,1-1.037-4.972Zm-2.578,1.9a3.707,3.707,0,0,0,0,.954l-1.426-.477Zm.622,2.563a3.632,3.632,0,0,0,.916.916l-2.76,1.844Z\" transform=\"translate(-119.533 -194.054)\" fill=\"#e95c0c\"><\/path><\/g><\/svg>\t\t\t<\/div>\n\t\t<\/div>\n\t\t\t\t<\/div>\n\t\t\t\t<\/div>\n\t\t\t\t<div class=\"elementor-element elementor-element-57b22bc elementor-widget elementor-widget-heading\" data-id=\"57b22bc\" data-element_type=\"widget\" data-widget_type=\"heading.default\">\n\t\t\t\t<div class=\"elementor-widget-container\">\n\t\t\t<h2 class=\"elementor-heading-title elementor-size-default\">Vis\u00e3o<\/h2>\t\t<\/div>\n\t\t\t\t<\/div>\n\t\t\t\t<div class=\"elementor-element elementor-element-199ce99 elementor-widget elementor-widget-text-editor\" data-id=\"199ce99\" data-element_type=\"widget\" data-widget_type=\"text-editor.default\">\n\t\t\t\t<div class=\"elementor-widget-container\">\n\t\t\t\t\t\t\t\t<div class=\"elementor-text-editor elementor-clearfix\">\n\t\t\t\t<p>Ser refer\u00eancia nacional em atendimento \u00e0s grandes empresas de diversos setores com material de ponta e efici\u00eancia.<\/p>\t\t\t\t\t<\/div>\n\t\t\t\t\t\t<\/div>\n\t\t\t\t<\/div>\n\t\t\t\t\t\t<\/div>\n\t\t\t\t\t<\/div>\n\t\t<\/div>\n\t\t\t\t<div class=\"elementor-column elementor-col-33 elementor-top-column elementor-element elementor-element-2912ca6\" data-id=\"2912ca6\" data-element_type=\"column\" data-settings=\"{&quot;background_background&quot;:&quot;classic&quot;}\">\n\t\t\t<div class=\"elementor-column-wrap elementor-element-populated\">\n\t\t\t\t\t\t\t<div class=\"elementor-widget-wrap\">\n\t\t\t\t\t\t<div class=\"elementor-element elementor-element-308f711 elementor-view-default elementor-widget elementor-widget-icon\" data-id=\"308f711\" data-element_type=\"widget\" data-widget_type=\"icon.default\">\n\t\t\t\t<div class=\"elementor-widget-container\">\n\t\t\t\t\t<div class=\"elementor-icon-wrapper\">\n\t\t\t<div class=\"elementor-icon\">\n\t\t\t<svg xmlns=\"http:\/\/www.w3.org\/2000\/svg\" width=\"32.522\" height=\"27.808\" viewBox=\"0 0 32.522 27.808\"><path d=\"M32.039,17.189,28.33,9.243l1.6.459A.662.662,0,0,0,30.3,8.429l-11.134-3.2c0-.048,0-.1,0-.143a2.9,2.9,0,0,0-5.439-1.417L2.591.479a.662.662,0,1,0-.365,1.273l2.2.631L.444,10.908A.663.663,0,0,0,0,11.533a5.312,5.312,0,0,0,9.075,3.75,5.25,5.25,0,0,0,1.585-3.75.663.663,0,0,0-.483-.637l-3.7-7.922,6.882,1.975c0,.048,0,.1,0,.143A2.909,2.909,0,0,0,15.6,7.918V21.041H13.77a2.662,2.662,0,0,0-2.676,2.634v.385a2.67,2.67,0,0,0-2.12,2.6v.927a.7.7,0,0,0,.689.679h13.2a.7.7,0,0,0,.689-.679v-.927a2.67,2.67,0,0,0-2.12-2.6v-.385a2.662,2.662,0,0,0-2.676-2.634H16.924V7.918A2.915,2.915,0,0,0,18.8,6.507l7.5,2.152L22.306,17.2a.663.663,0,0,0-.444.625,5.312,5.312,0,0,0,9.075,3.75,5.251,5.251,0,0,0,1.585-3.75A.663.663,0,0,0,32.039,17.189ZM5.313,3.578,8.7,10.838H1.924Zm0,11.911A3.961,3.961,0,0,1,1.38,12.163h7.9A4.019,4.019,0,0,1,5.313,15.489Zm16.91,11.167v.281H10.3v-.281a1.336,1.336,0,0,1,1.351-1.309h9.222A1.336,1.336,0,0,1,22.224,26.656ZM20.1,23.675v.347H12.419v-.347a1.336,1.336,0,0,1,1.351-1.309h4.982A1.336,1.336,0,0,1,20.1,23.675Zm-3.842-17A1.58,1.58,0,1,1,17.8,5.461a.666.666,0,0,0-.037.129A1.582,1.582,0,0,1,16.261,6.67Zm14.3,10.462H23.786l3.39-7.261Zm-3.39,4.651a3.961,3.961,0,0,1-3.933-3.326h7.9A4.019,4.019,0,0,1,27.175,21.783Zm0,0\" transform=\"translate(0 -0.453)\" fill=\"#e95c0c\"><\/path><\/svg>\t\t\t<\/div>\n\t\t<\/div>\n\t\t\t\t<\/div>\n\t\t\t\t<\/div>\n\t\t\t\t<div class=\"elementor-element elementor-element-f04853d elementor-widget elementor-widget-heading\" data-id=\"f04853d\" data-element_type=\"widget\" data-widget_type=\"heading.default\">\n\t\t\t\t<div class=\"elementor-widget-container\">\n\t\t\t<h2 class=\"elementor-heading-title elementor-size-default\">Valores<\/h2>\t\t<\/div>\n\t\t\t\t<\/div>\n\t\t\t\t<div class=\"elementor-element elementor-element-fc6a507 elementor-widget elementor-widget-text-editor\" data-id=\"fc6a507\" data-element_type=\"widget\" data-widget_type=\"text-editor.default\">\n\t\t\t\t<div class=\"elementor-widget-container\">\n\t\t\t\t\t\t\t\t<div class=\"elementor-text-editor elementor-clearfix\">\n\t\t\t\t<p>Transpar\u00eancia com nossos clientes, Respeito ao ser humano e Inova\u00e7\u00e3o todos os dias.<\/p>\t\t\t\t\t<\/div>\n\t\t\t\t\t\t<\/div>\n\t\t\t\t<\/div>\n\t\t\t\t\t\t<\/div>\n\t\t\t\t\t<\/div>\n\t\t<\/div>\n\t\t\t\t\t\t\t\t<\/div>\n\t\t\t\t\t<\/div>\n\t\t<\/section>\n\t\t\t\t<section class=\"elementor-section elementor-top-section elementor-element elementor-element-d2a3d3e elementor-section-full_width elementor-section-content-middle elementor-section-height-default elementor-section-height-default\" data-id=\"d2a3d3e\" data-element_type=\"section\">\n\t\t\t\t\t\t<div class=\"elementor-container elementor-column-gap-default\">\n\t\t\t\t\t\t\t<div class=\"elementor-row\">\n\t\t\t\t\t<div class=\"elementor-column elementor-col-33 elementor-top-column elementor-element elementor-element-719b13f\" data-id=\"719b13f\" data-element_type=\"column\" data-settings=\"{&quot;background_background&quot;:&quot;classic&quot;}\">\n\t\t\t<div class=\"elementor-column-wrap elementor-element-populated\">\n\t\t\t\t\t\t\t<div class=\"elementor-widget-wrap\">\n\t\t\t\t\t\t<div class=\"elementor-element elementor-element-783f4b7 elementor-widget elementor-widget-heading\" data-id=\"783f4b7\" data-element_type=\"widget\" data-widget_type=\"heading.default\">\n\t\t\t\t<div class=\"elementor-widget-container\">\n\t\t\t<h2 class=\"elementor-heading-title elementor-size-default\">Mix de<br>\nProdutos<\/h2>\t\t<\/div>\n\t\t\t\t<\/div>\n\t\t\t\t<div class=\"elementor-element elementor-element-4e065a4 elementor-widget elementor-widget-text-editor\" data-id=\"4e065a4\" data-element_type=\"widget\" data-widget_type=\"text-editor.default\">\n\t\t\t\t<div class=\"elementor-widget-container\">\n\t\t\t\t\t\t\t\t<div class=\"elementor-text-editor elementor-clearfix\">\n\t\t\t\t<p>Contamos com uma grande variedade de produtos e vamos al\u00e9m. N\u00e3o temos limite para atender \u00e0s suas necessidades.<\/p>\t\t\t\t\t<\/div>\n\t\t\t\t\t\t<\/div>\n\t\t\t\t<\/div>\n\t\t\t\t\t\t<\/div>\n\t\t\t\t\t<\/div>\n\t\t<\/div>\n\t\t\t\t<div class=\"elementor-column elementor-col-66 elementor-top-column elementor-element elementor-element-d9ef6d2\" data-id=\"d9ef6d2\" data-element_type=\"column\" data-settings=\"{&quot;background_background&quot;:&quot;classic&quot;}\">\n\t\t\t<div class=\"elementor-column-wrap elementor-element-populated\">\n\t\t\t\t\t\t\t<div class=\"elementor-widget-wrap\">\n\t\t\t\t\t\t<div class=\"elementor-element elementor-element-d4a49b1 elementor-widget elementor-widget-heading\" data-id=\"d4a49b1\" data-element_type=\"widget\" data-widget_type=\"heading.default\">\n\t\t\t\t<div class=\"elementor-widget-container\">\n\t\t\t<h2 class=\"elementor-heading-title elementor-size-default\">Por que a Scan Distribuidora?<\/h2>\t\t<\/div>\n\t\t\t\t<\/div>\n\t\t\t\t<div class=\"elementor-element elementor-element-c5509c9 elementor-widget elementor-widget-text-editor\" data-id=\"c5509c9\" data-element_type=\"widget\" data-widget_type=\"text-editor.default\">\n\t\t\t\t<div class=\"elementor-widget-container\">\n\t\t\t\t\t\t\t\t<div class=\"elementor-text-editor elementor-clearfix\">\n\t\t\t\t<p>Temos capacidade de atendimento em todo o territ\u00f3rio nacional, buscamos , a todo momento ser a inspira\u00e7\u00e3o e solu\u00e7\u00e3o para nossos clientes e parceiros. Nosso time busca inspirar e superar as expectativas em cada atendimento e em cada fornecimento. Temos hoje um time espalhado, com presen\u00e7a no ES, SP, SC, PR e BA e com isso buscando os melhores fornecimentos e prazos melhores de entrega.<\/p>\t\t\t\t\t<\/div>\n\t\t\t\t\t\t<\/div>\n\t\t\t\t<\/div>\n\t\t\t\t\t\t<\/div>\n\t\t\t\t\t<\/div>\n\t\t<\/div>\n\t\t\t\t\t\t\t\t<\/div>\n\t\t\t\t\t<\/div>\n\t\t<\/section>\n\t\t\t\t<section class=\"elementor-section elementor-top-section elementor-element elementor-element-544c41f elementor-section-full_width elementor-section-height-min-height elementor-section-height-default elementor-section-items-middle\" data-id=\"544c41f\" data-element_type=\"section\">\n\t\t\t\t\t\t<div class=\"elementor-container elementor-column-gap-default\">\n\t\t\t\t\t\t\t<div class=\"elementor-row\">\n\t\t\t\t\t<div class=\"elementor-column elementor-col-50 elementor-top-column elementor-element elementor-element-64b43ec\" data-id=\"64b43ec\" data-element_type=\"column\" data-settings=\"{&quot;background_background&quot;:&quot;classic&quot;}\">\n\t\t\t<div class=\"elementor-column-wrap elementor-element-populated\">\n\t\t\t\t\t<div class=\"elementor-background-overlay\"><\/div>\n\t\t\t\t\t\t\t<div class=\"elementor-widget-wrap\">\n\t\t\t\t\t\t<div class=\"elementor-element elementor-element-0678dc6 elementor-widget elementor-widget-heading\" data-id=\"0678dc6\" data-element_type=\"widget\" data-widget_type=\"heading.default\">\n\t\t\t\t<div class=\"elementor-widget-container\">\n\t\t\t<h2 class=\"elementor-heading-title elementor-size-default\">Solicite seu<br>\nor\u00e7amento<br>\ncom a Scan<\/h2>\t\t<\/div>\n\t\t\t\t<\/div>\n\t\t\t\t\t\t<\/div>\n\t\t\t\t\t<\/div>\n\t\t<\/div>\n\t\t\t\t<div class=\"elementor-column elementor-col-50 elementor-top-column elementor-element elementor-element-4e432a5\" data-id=\"4e432a5\" data-element_type=\"column\" data-settings=\"{&quot;background_background&quot;:&quot;classic&quot;}\">\n\t\t\t<div class=\"elementor-column-wrap elementor-element-populated\">\n\t\t\t\t\t\t\t<div class=\"elementor-widget-wrap\">\n\t\t\t\t\t\t<div class=\"elementor-element elementor-element-e8323b4 elementor-widget elementor-widget-image\" data-id=\"e8323b4\" data-element_type=\"widget\" data-widget_type=\"image.default\">\n\t\t\t\t<div class=\"elementor-widget-container\">\n\t\t\t\t\t\t\t\t<div class=\"elementor-image\">\n\t\t\t\t\t\t\t\t\t\t\t\t<img loading=\"lazy\" decoding=\"async\" width=\"38\" height=\"38\" src=\"https:\/\/scandistribuidora.com.br\/wp-content\/uploads\/2020\/10\/Caminho-89.png\" class=\"attachment-large size-large\" alt=\"\" \/>\t\t\t\t\t\t\t\t\t\t\t\t\t\t<\/div>\n\t\t\t\t\t\t<\/div>\n\t\t\t\t<\/div>\n\t\t\t\t<div class=\"elementor-element elementor-element-1b49d37 elementor-widget elementor-widget-text-editor\" data-id=\"1b49d37\" data-element_type=\"widget\" data-widget_type=\"text-editor.default\">\n\t\t\t\t<div class=\"elementor-widget-container\">\n\t\t\t\t\t\t\t\t<div class=\"elementor-text-editor elementor-clearfix\">\n\t\t\t\t<p>\u00c9 muito f\u00e1cil. Basta preencher o formul\u00e1rio ou enviar um arquivo com aquilo que voc\u00ea precisa.<\/p>\t\t\t\t\t<\/div>\n\t\t\t\t\t\t<\/div>\n\t\t\t\t<\/div>\n\t\t\t\t<div class=\"elementor-element elementor-element-26ba33a elementor-mobile-align-justify elementor-widget elementor-widget-button\" data-id=\"26ba33a\" data-element_type=\"widget\" data-widget_type=\"button.default\">\n\t\t\t\t<div class=\"elementor-widget-container\">\n\t\t\t\t\t<div class=\"elementor-button-wrapper\">\n\t\t\t<a href=\"https:\/\/scandistribuidora.com.br\/index.php\/orcamento\/\" class=\"elementor-button-link elementor-button elementor-size-sm\" role=\"button\">\n\t\t\t\t\t\t<span class=\"elementor-button-content-wrapper\">\n\t\t\t\t\t\t<span class=\"elementor-button-text\">Pe\u00e7a j\u00e1!<\/span>\n\t\t<\/span>\n\t\t\t\t\t<\/a>\n\t\t<\/div>\n\t\t\t\t<\/div>\n\t\t\t\t<\/div>\n\t\t\t\t\t\t<\/div>\n\t\t\t\t\t<\/div>\n\t\t<\/div>\n\t\t\t\t\t\t\t\t<\/div>\n\t\t\t\t\t<\/div>\n\t\t<\/section>\n\t\t\t\t\t\t\t\t\t<\/div>\n\t\t\t<\/div>\n\t\t\t\t\t<\/div>\n\t\t","protected":false},"excerpt":{"rendered":"<p>Conhe\u00e7a-nosmelhor Fique por dentro da nossa hist\u00f3ria e da nossa atua\u00e7\u00e3o no mercado ao longo dos anos. A empresa Fundada em 2009 com o objetivo de manuten\u00e7\u00e3o e instrumenta\u00e7\u00e3o na \u00e1rea de siderurgia no Brasil, a SCAN atuou, nos primeiros anos, diretamente com ArcelorMittal e Vale. Em 2019 firmou-se como fornecedor de produtos el\u00e9tricos e [&hellip;]<\/p>\n","protected":false},"author":2,"featured_media":0,"parent":0,"menu_order":0,"comment_status":"closed","ping_status":"closed","template":"elementor_header_footer","meta":{"footnotes":""},"_links":{"self":[{"href":"https:\/\/scandistribuidora.com.br\/index.php\/wp-json\/wp\/v2\/pages\/264"}],"collection":[{"href":"https:\/\/scandistribuidora.com.br\/index.php\/wp-json\/wp\/v2\/pages"}],"about":[{"href":"https:\/\/scandistribuidora.com.br\/index.php\/wp-json\/wp\/v2\/types\/page"}],"author":[{"embeddable":true,"href":"https:\/\/scandistribuidora.com.br\/index.php\/wp-json\/wp\/v2\/users\/2"}],"replies":[{"embeddable":true,"href":"https:\/\/scandistribuidora.com.br\/index.php\/wp-json\/wp\/v2\/comments?post=264"}],"version-history":[{"count":39,"href":"https:\/\/scandistribuidora.com.br\/index.php\/wp-json\/wp\/v2\/pages\/264\/revisions"}],"predecessor-version":[{"id":796,"href":"https:\/\/scandistribuidora.com.br\/index.php\/wp-json\/wp\/v2\/pages\/264\/revisions\/796"}],"wp:attachment":[{"href":"https:\/\/scandistribuidora.com.br\/index.php\/wp-json\/wp\/v2\/media?parent=264"}],"curies":[{"name":"wp","href":"https:\/\/api.w.org\/{rel}","templated":true}]}}